{"id":43,"date":"2025-10-17T14:29:49","date_gmt":"2025-10-17T14:29:49","guid":{"rendered":"https:\/\/impulsence.fr\/?page_id=43"},"modified":"2026-02-23T09:41:32","modified_gmt":"2026-02-23T09:41:32","slug":"qui-suis-je","status":"publish","type":"page","link":"https:\/\/impulsence.fr\/index.php\/qui-suis-je\/","title":{"rendered":"Qui suis-je ?"},"content":{"rendered":"<p>[et_pb_section fb_built=\u00a0\u00bb1&Prime; _builder_version=\u00a0\u00bb4.27.4&Prime; _module_preset=\u00a0\u00bbdefault\u00a0\u00bb bottom_divider_color=\u00a0\u00bb#515169&Prime; bottom_divider_height=\u00a0\u00bb30px\u00a0\u00bb da_disable_devices=\u00a0\u00bboff|off|off\u00a0\u00bb global_colors_info=\u00a0\u00bb{}\u00a0\u00bb da_is_popup=\u00a0\u00bboff\u00a0\u00bb da_exit_intent=\u00a0\u00bboff\u00a0\u00bb da_has_close=\u00a0\u00bbon\u00a0\u00bb da_alt_close=\u00a0\u00bboff\u00a0\u00bb da_dark_close=\u00a0\u00bboff\u00a0\u00bb da_not_modal=\u00a0\u00bbon\u00a0\u00bb da_is_singular=\u00a0\u00bboff\u00a0\u00bb da_with_loader=\u00a0\u00bboff\u00a0\u00bb da_has_shadow=\u00a0\u00bbon\u00a0\u00bb][et_pb_row _builder_version=\u00a0\u00bb4.27.4&Prime; _module_preset=\u00a0\u00bbdefault\u00a0\u00bb global_colors_info=\u00a0\u00bb{}\u00a0\u00bb][et_pb_column type=\u00a0\u00bb4_4&Prime; _builder_version=\u00a0\u00bb4.27.4&Prime; _module_preset=\u00a0\u00bbdefault\u00a0\u00bb global_colors_info=\u00a0\u00bb{}\u00a0\u00bb][et_pb_text _builder_version=\u00a0\u00bb4.27.4&Prime; _module_preset=\u00a0\u00bbdefault\u00a0\u00bb text_font=\u00a0\u00bbMontserrat||on||||||\u00a0\u00bb text_text_color=\u00a0\u00bb#ddb253&Prime; text_font_size=\u00a0\u00bb22px\u00a0\u00bb width=\u00a0\u00bb60%\u00a0\u00bb module_alignment=\u00a0\u00bbcenter\u00a0\u00bb global_colors_info=\u00a0\u00bb{}\u00a0\u00bb]<\/p>\n<p style=\"text-align: center;\"><em>\u00ab\u00a0Un professeur n\u2019est pas un ma\u00eetre achev\u00e9, mais un \u00e9l\u00e8ve qui n\u2019a jamais cess\u00e9 d\u2019apprendre<\/em>\u00a0\u00bb<\/p>\n<p>[\/et_pb_text][\/et_pb_column][\/et_pb_row][\/et_pb_section][et_pb_section fb_built=\u00a0\u00bb1&Prime; prev_background_color=\u00a0\u00bb#ffffff\u00a0\u00bb _builder_version=\u00a0\u00bb4.27.4&Prime; _module_preset=\u00a0\u00bbdefault\u00a0\u00bb background_color=\u00a0\u00bb#515169&Prime; top_divider_style=\u00a0\u00bbwaves2&Prime; top_divider_height=\u00a0\u00bb30px\u00a0\u00bb bottom_divider_height=\u00a0\u00bb30px\u00a0\u00bb da_disable_devices=\u00a0\u00bboff|off|off\u00a0\u00bb global_colors_info=\u00a0\u00bb{}\u00a0\u00bb da_is_popup=\u00a0\u00bboff\u00a0\u00bb da_exit_intent=\u00a0\u00bboff\u00a0\u00bb da_has_close=\u00a0\u00bbon\u00a0\u00bb da_alt_close=\u00a0\u00bboff\u00a0\u00bb da_dark_close=\u00a0\u00bboff\u00a0\u00bb da_not_modal=\u00a0\u00bbon\u00a0\u00bb da_is_singular=\u00a0\u00bboff\u00a0\u00bb da_with_loader=\u00a0\u00bboff\u00a0\u00bb da_has_shadow=\u00a0\u00bbon\u00a0\u00bb][et_pb_row column_structure=\u00a0\u00bb2_5,3_5&Prime; _builder_version=\u00a0\u00bb4.27.4&Prime; _module_preset=\u00a0\u00bbdefault\u00a0\u00bb custom_css_main_element=\u00a0\u00bbdisplay: flex;||align-items: center;\t\u00a0\u00bb global_colors_info=\u00a0\u00bb{}\u00a0\u00bb][et_pb_column type=\u00a0\u00bb2_5&Prime; _builder_version=\u00a0\u00bb4.27.4&Prime; _module_preset=\u00a0\u00bbdefault\u00a0\u00bb global_colors_info=\u00a0\u00bb{}\u00a0\u00bb][et_pb_image src=\u00a0\u00bbhttp:\/\/impulsence.fr\/wp-content\/uploads\/2026\/02\/Maddi-3.png\u00a0\u00bb title_text=\u00a0\u00bbMaddi 3&Prime; _builder_version=\u00a0\u00bb4.27.4&Prime; _module_preset=\u00a0\u00bbdefault\u00a0\u00bb width=\u00a0\u00bb80%\u00a0\u00bb global_colors_info=\u00a0\u00bb{}\u00a0\u00bb][\/et_pb_image][\/et_pb_column][et_pb_column type=\u00a0\u00bb3_5&Prime; _builder_version=\u00a0\u00bb4.27.4&Prime; _module_preset=\u00a0\u00bbdefault\u00a0\u00bb global_colors_info=\u00a0\u00bb{}\u00a0\u00bb][et_pb_text _builder_version=\u00a0\u00bb4.27.4&Prime; _module_preset=\u00a0\u00bbdefault\u00a0\u00bb text_font=\u00a0\u00bbMontserrat||||||||\u00a0\u00bb text_text_color=\u00a0\u00bb#FFFFFF\u00a0\u00bb width=\u00a0\u00bb100%\u00a0\u00bb module_alignment=\u00a0\u00bbcenter\u00a0\u00bb hover_enabled=\u00a0\u00bb0&Prime; global_colors_info=\u00a0\u00bb{}\u00a0\u00bb sticky_enabled=\u00a0\u00bb0&Prime;]<\/p>\n<div style=\"text-align: left;\"><span><strong>Madeleine<\/strong> c\u2019est avant tout une \u00e9ternelle apprenante, curieuse, dynamique et passionn\u00e9e par le capital humain.<\/span><\/div>\n<div style=\"text-align: left;\"><\/div>\n<p>[\/et_pb_text][\/et_pb_column][\/et_pb_row][\/et_pb_section][et_pb_section fb_built=\u00a0\u00bb1&Prime; _builder_version=\u00a0\u00bb4.27.4&Prime; _module_preset=\u00a0\u00bbdefault\u00a0\u00bb da_disable_devices=\u00a0\u00bboff|off|off\u00a0\u00bb global_colors_info=\u00a0\u00bb{}\u00a0\u00bb da_is_popup=\u00a0\u00bboff\u00a0\u00bb da_exit_intent=\u00a0\u00bboff\u00a0\u00bb da_has_close=\u00a0\u00bbon\u00a0\u00bb da_alt_close=\u00a0\u00bboff\u00a0\u00bb da_dark_close=\u00a0\u00bboff\u00a0\u00bb da_not_modal=\u00a0\u00bbon\u00a0\u00bb da_is_singular=\u00a0\u00bboff\u00a0\u00bb da_with_loader=\u00a0\u00bboff\u00a0\u00bb da_has_shadow=\u00a0\u00bbon\u00a0\u00bb][et_pb_row _builder_version=\u00a0\u00bb4.27.4&Prime; _module_preset=\u00a0\u00bbdefault\u00a0\u00bb global_colors_info=\u00a0\u00bb{}\u00a0\u00bb][et_pb_column type=\u00a0\u00bb4_4&Prime; _builder_version=\u00a0\u00bb4.27.4&Prime; _module_preset=\u00a0\u00bbdefault\u00a0\u00bb global_colors_info=\u00a0\u00bb{}\u00a0\u00bb][et_pb_divider show_divider=\u00a0\u00bboff\u00a0\u00bb _builder_version=\u00a0\u00bb4.27.4&Prime; _module_preset=\u00a0\u00bbdefault\u00a0\u00bb global_colors_info=\u00a0\u00bb{}\u00a0\u00bb][\/et_pb_divider][et_pb_text _builder_version=\u00a0\u00bb4.27.4&Prime; _module_preset=\u00a0\u00bbdefault\u00a0\u00bb text_font=\u00a0\u00bbMontserrat||||||||\u00a0\u00bb width=\u00a0\u00bb70%\u00a0\u00bb module_alignment=\u00a0\u00bbcenter\u00a0\u00bb hover_enabled=\u00a0\u00bb0&Prime; global_colors_info=\u00a0\u00bb{}\u00a0\u00bb sticky_enabled=\u00a0\u00bb0&Prime;]<\/p>\n<p style=\"text-align: justify;\">Dot\u00e9e d\u2019une belle exp\u00e9rience dans le monde de l&rsquo;entreprise o\u00f9 j\u2019ai commenc\u00e9 dans la finance, comptabilit\u00e9 et audit, j\u2019ai assez vite compris, pour \u00eatre honn\u00eate, que je n\u2019allais pas y faire ma carri\u00e8re.<\/p>\n<p style=\"text-align: justify;\">Les chiffres en tant que tels, ne me suffisaient pas, ce qui me faisait vibrer c\u2019est ce qu\u2019il y a au-del\u00e0, pour ne pas citer Simon Sinek :<\/p>\n<p>[\/et_pb_text][et_pb_text _builder_version=\u00a0\u00bb4.27.4&Prime; _module_preset=\u00a0\u00bbdefault\u00a0\u00bb width=\u00a0\u00bb70%\u00a0\u00bb module_alignment=\u00a0\u00bbcenter\u00a0\u00bb global_colors_info=\u00a0\u00bb{}\u00a0\u00bb]<\/p>\n<p style=\"font-weight: 400; text-align: justify;\"><strong><em>100\u00a0% des employ\u00e9s sont des personnes. <\/em><\/strong><strong><em>100\u00a0% des clients sont des personnes. <\/em><\/strong><strong><em>100\u00a0% des investisseurs sont des personnes. <\/em><\/strong><strong><em>Si vous ne comprenez pas les gens, vous ne comprenez pas les affaires.<\/em><\/strong><\/p>\n<p>[\/et_pb_text][et_pb_text _builder_version=\u00a0\u00bb4.27.4&Prime; _module_preset=\u00a0\u00bbdefault\u00a0\u00bb text_font=\u00a0\u00bbMontserrat||||||||\u00a0\u00bb width=\u00a0\u00bb70%\u00a0\u00bb module_alignment=\u00a0\u00bbcenter\u00a0\u00bb global_colors_info=\u00a0\u00bb{}\u00a0\u00bb]<\/p>\n<div>\n<p style=\"font-weight: 400; text-align: justify;\">L\u2019Homme dans toute sa grandeur et complexit\u00e9.<\/p>\n<p style=\"font-weight: 400; text-align: justify;\">De nature curieuse, orient\u00e9e r\u00e9sultats et solutions\u00a0: j\u2019observe, je partage, je comprends et j\u2019agis.<\/p>\n<p style=\"font-weight: 400; text-align: justify;\">Je m\u2019oriente naturellement vers le management, la formation et les m\u00e9tiers de l\u2019accompagnement (du coaching au mentorat)<\/p>\n<p style=\"font-weight: 400; text-align: justify;\">Titulaire d\u2019un dipl\u00f4me en Gestion strat\u00e9gique des RH, d\u2019un master en management, et d\u2019un master sp\u00e9cialis\u00e9 en Lean management, j\u2019accompagne toute personne, manager ou non, dirigeant et \u00e9quipes \u00e0 briser les plafonds de verre pour am\u00e9liorer leurs performances ; pour mettre en place un syst\u00e8me de management qui s&rsquo;appuie sur la r\u00e9solution de probl\u00e8me de terrain.<\/p>\n<p style=\"font-weight: 400; text-align: justify;\">J\u2019ancre mon action sur un management plus bienveillant et authentique qui favorise l\u2019intelligence collective. Des collaborateurs plus align\u00e9s, pour une performance consciente et globale qui se veut p\u00e9renne.<\/p>\n<p style=\"font-weight: 400; text-align: justify;\">\u00c9ternelle apprenante, je participe \u00e0 minima une fois par an a une conf\u00e9rence\/retraite\/formation, Paula Trigo, Simon Sinek, Joe Dispenza et Tony Robbins sont pour moi, des inspirations.<\/p>\n<p style=\"font-weight: 400; text-align: justify;\">Entoure-toi des meilleurs, tu ne peux que continuer \u00e0 progresser, t\u2019epanouir et performer\u00a0!<\/p>\n<p style=\"font-weight: 400; text-align: justify;\"><em>\u00ab\u00a0Il n\u2019y a pas de performance durable sans collaborateurs \u00e9panouis\u00a0\u00bb<\/em><\/p>\n<p style=\"font-weight: 400; text-align: justify;\">\n<\/div>\n<p>[\/et_pb_text][\/et_pb_column][\/et_pb_row][\/et_pb_section]<\/p>\n","protected":false},"excerpt":{"rendered":"<p>\u00ab\u00a0Un professeur n\u2019est pas un ma\u00eetre achev\u00e9, mais un \u00e9l\u00e8ve qui n\u2019a jamais cess\u00e9 d\u2019apprendre\u00a0\u00bbMadeleine c\u2019est avant tout une \u00e9ternelle apprenante, curieuse, dynamique et passionn\u00e9e par le capital humain. Dot\u00e9e d\u2019une belle exp\u00e9rience dans le monde de l&rsquo;entreprise o\u00f9 j\u2019ai commenc\u00e9 dans la finance, comptabilit\u00e9 et audit, j\u2019ai assez vite compris, pour \u00eatre honn\u00eate, que [&hellip;]<\/p>\n","protected":false},"author":1,"featured_media":0,"parent":0,"menu_order":0,"comment_status":"closed","ping_status":"closed","template":"","meta":{"_et_pb_use_builder":"on","_et_pb_old_content":"<!-- wp:divi\/placeholder \/-->","_et_gb_content_width":"","footnotes":""},"class_list":["post-43","page","type-page","status-publish","hentry"],"_links":{"self":[{"href":"https:\/\/impulsence.fr\/index.php\/wp-json\/wp\/v2\/pages\/43","targetHints":{"allow":["GET"]}}],"collection":[{"href":"https:\/\/impulsence.fr\/index.php\/wp-json\/wp\/v2\/pages"}],"about":[{"href":"https:\/\/impulsence.fr\/index.php\/wp-json\/wp\/v2\/types\/page"}],"author":[{"embeddable":true,"href":"https:\/\/impulsence.fr\/index.php\/wp-json\/wp\/v2\/users\/1"}],"replies":[{"embeddable":true,"href":"https:\/\/impulsence.fr\/index.php\/wp-json\/wp\/v2\/comments?post=43"}],"version-history":[{"count":32,"href":"https:\/\/impulsence.fr\/index.php\/wp-json\/wp\/v2\/pages\/43\/revisions"}],"predecessor-version":[{"id":1076,"href":"https:\/\/impulsence.fr\/index.php\/wp-json\/wp\/v2\/pages\/43\/revisions\/1076"}],"wp:attachment":[{"href":"https:\/\/impulsence.fr\/index.php\/wp-json\/wp\/v2\/media?parent=43"}],"curies":[{"name":"wp","href":"https:\/\/api.w.org\/{rel}","templated":true}]}}